{"id":555,"date":"2017-02-24T12:57:55","date_gmt":"2017-02-24T11:57:55","guid":{"rendered":"http:\/\/www.2016.dibas.de\/foto\/?page_id=555"},"modified":"2017-02-24T12:59:21","modified_gmt":"2017-02-24T11:59:21","slug":"flugplatz","status":"publish","type":"page","link":"https:\/\/www.dibas.de\/foto\/projekte\/flugplatz\/","title":{"rendered":"Flugplatz"},"content":{"rendered":"<div  class=\"one withsmallpadding ppb_text\" style=\"padding:30px 0 30px 0;\" >\n<div class=\"standard_wrapper\">\n<div class=\"page_content_wrapper\">\n<div class=\"inner\">\n<div style=\"margin:auto;width:100%\">\n<h1>Flugplatz<\/h1>\n<p>Fotografische Bestandsaufnahme eines gro\u00dfen Bebauungsplanvorhabens im Berliner Raum: es sind Schnappsch\u00fcsse von einem ehemaligen russischen D\u00fcsenj\u00e4ger-Flugplatz,von dem aus noch vor Jahren die MIGs in den Himmel aufstiegen.<\/p>\n<p>Das verlassene Gel\u00e4nde mit den riesigen Flugzeug-Hallen, Werkst\u00e4tten und Mannschaftsunterk\u00fcnften ist ein St\u00fcck Zeitgeschichte. Und es bietet in seinem maroden, bisweilen morbid wirkenden, Zustand der Geb\u00e4ude, seltene Motive.<\/p>\n<\/div>\n<\/div>\n<\/div>\n<\/div>\n<\/div>\n<div  class=\"one withsmallpadding ppb_text\" style=\"padding:30px 0 30px 0;\" >\n<div class=\"standard_wrapper\">\n<div class=\"page_content_wrapper\">\n<div class=\"inner\">\n<div style=\"margin:auto;width:100%\">\n<h1>Flugplatz<\/h1>\n<p>Fotografische Bestandsaufnahme eines gro\u00dfen Bebauungsplanvorhabens im Berliner Raum: es sind Schnappsch\u00fcsse von einem ehemaligen russischen D\u00fcsenj\u00e4ger-Flugplatz,von dem aus noch vor Jahren die MIGs in den Himmel aufstiegen.<\/p>\n<p>Das verlassene Gel\u00e4nde mit den riesigen Flugzeug-Hallen, Werkst\u00e4tten und Mannschaftsunterk\u00fcnften ist ein St\u00fcck Zeitgeschichte. Und es bietet in seinem maroden, bisweilen morbid wirkenden, Zustand der Geb\u00e4ude, seltene Motive.<\/p>\n<\/div>\n<\/div>\n<\/div>\n<\/div>\n<\/div>\n","protected":false},"excerpt":{"rendered":"<p>Flugplatz Fotografische Bestandsaufnahme eines gro\u00dfen Bebauungsplanvorhabens im Berliner Raum: es sind Schnappsch\u00fcsse von einem ehemaligen russischen D\u00fcsenj\u00e4ger-Flugplatz,von dem aus noch vor Jahren die MIGs in den Himmel aufstiegen. Das verlassene Gel\u00e4nde mit den riesigen Flugzeug-Hallen, Werkst\u00e4tten und Mannschaftsunterk\u00fcnften ist ein [&hellip;]<\/p>\n","protected":false},"author":1,"featured_media":0,"parent":179,"menu_order":0,"comment_status":"closed","ping_status":"closed","template":"","meta":{"_monsterinsights_skip_tracking":false,"_monsterinsights_sitenote_active":false,"_monsterinsights_sitenote_note":"","_monsterinsights_sitenote_category":0,"footnotes":""},"class_list":["post-555","page","type-page","status-publish","hentry"],"_links":{"self":[{"href":"https:\/\/www.dibas.de\/foto\/wp-json\/wp\/v2\/pages\/555","targetHints":{"allow":["GET"]}}],"collection":[{"href":"https:\/\/www.dibas.de\/foto\/wp-json\/wp\/v2\/pages"}],"about":[{"href":"https:\/\/www.dibas.de\/foto\/wp-json\/wp\/v2\/types\/page"}],"author":[{"embeddable":true,"href":"https:\/\/www.dibas.de\/foto\/wp-json\/wp\/v2\/users\/1"}],"replies":[{"embeddable":true,"href":"https:\/\/www.dibas.de\/foto\/wp-json\/wp\/v2\/comments?post=555"}],"version-history":[{"count":14,"href":"https:\/\/www.dibas.de\/foto\/wp-json\/wp\/v2\/pages\/555\/revisions"}],"predecessor-version":[{"id":571,"href":"https:\/\/www.dibas.de\/foto\/wp-json\/wp\/v2\/pages\/555\/revisions\/571"}],"up":[{"embeddable":true,"href":"https:\/\/www.dibas.de\/foto\/wp-json\/wp\/v2\/pages\/179"}],"wp:attachment":[{"href":"https:\/\/www.dibas.de\/foto\/wp-json\/wp\/v2\/media?parent=555"}],"curies":[{"name":"wp","href":"https:\/\/api.w.org\/{rel}","templated":true}]}}