{"id":576,"date":"2017-02-24T13:08:30","date_gmt":"2017-02-24T12:08:30","guid":{"rendered":"http:\/\/www.2016.dibas.de\/foto\/?page_id=576"},"modified":"2019-09-12T11:23:05","modified_gmt":"2019-09-12T09:23:05","slug":"kulturbrauerei","status":"publish","type":"page","link":"https:\/\/www.dibas.de\/foto\/projekte\/kulturbrauerei\/","title":{"rendered":"Kulturbrauerei"},"content":{"rendered":"\n<h2 class=\"wp-block-heading\"><\/h2>\n\n\n\n<p>Ein Brauhaus wird zum Blauhaus, wird zur Kulturbrauerei! Kreative Leute, bekannte und weniger bekannte, haben sich zusammengetan und in ein Rothenburger Dornr\u00f6schenschlo\u00df neues Leben eingehaucht. Die Rede ist vom alten Brauhaus der Stadt, malerisch als beeindruckendes Industriedenkmal am Taubertalhang unmittelbar vor der Klingentorbastei gelegen, aber seit Jahrzehnten dem langsamen Verfall preisgegeben.<\/p>\n\n\n\n<p>Gesucht w\u00fcrde ein Million\u00e4r, der sein Herz (und seinen Geldbeutel) f\u00fcr dieses denkmalpflegerische Kleinod entdeckt, sich vom unbeschreiblichen Flair seiner noch mit Brauhaustechnik vollgestopften R\u00e4umen und von den riesigen Gew\u00f6lbekellern verzaubern l\u00e4\u00dft, um gemeinsam mit feinf\u00fchligen Architekten eine neue Verwendung zu suchen, die Altes mit einbindet.<\/p>\n\n\n\n<p>Doch bis es soweit ist, haben sich eine handvoll k\u00fcnstlerisch begabter Leute zusammengetan und in den Jahren 2002 und 2003 zu einem Kulturereignis eingeladen. Das Brauhaus wurde dabei zum Blauhaus (mit blauen Folien verh\u00e4ngt) und es ist als Kulturbrauerei in den \u00f6ffentlichen Blickpunkt geraten. Bilder, Installationen, Fotografie, Lesungen, Musik und Theater beherbergte der Bau jeweils f\u00fcr einige Wochen. Profis, Laien, Sponsoren und die Stadt machten mit. Jetzt hoffen alle darauf, da\u00df es n\u00e4chstes Jahr so weitergeht.<\/p>\n\n\n\n<p>Einige Eindr\u00fccke vom Orginalgeb\u00e4ude mit seinen verborgenen Sch\u00e4tzen und von den Kulturveranstaltungen spiegeln die beiden Bildergalerien wieder (alle Fotos Copyright by Rolf Diba).<\/p>\n\n\n<div class=\"standard_wrapper\"><div id=\"1776430397605499909\" class=\"portfolio_filter_wrapper gallery three_cols contain\" data-columns=\"3\"><div class=\"element grid  classic3_cols\"><div class=\"one_third gallery3 static filterable gallery_type animated1\"><a class=\"fancy-gallery\" href=\"https:\/\/www.dibas.de\/foto\/wp-content\/uploads\/2017\/02\/03_02_x-1.jpg\" title=\"\" ><img decoding=\"async\" src=\"https:\/\/www.dibas.de\/foto\/wp-content\/uploads\/2017\/02\/03_02_x-1.jpg\" alt=\"\"\/><\/a><\/div><\/div><div class=\"element grid  classic3_cols\"><div class=\"one_third gallery3 static filterable gallery_type animated2\"><a class=\"fancy-gallery\" href=\"https:\/\/www.dibas.de\/foto\/wp-content\/uploads\/2017\/02\/03_05_x-1.jpg\" title=\"\" ><img decoding=\"async\" src=\"https:\/\/www.dibas.de\/foto\/wp-content\/uploads\/2017\/02\/03_05_x-1.jpg\" alt=\"\"\/><\/a><\/div><\/div><div class=\"element grid  classic3_cols\"><div class=\"one_third gallery3 static filterable gallery_type animated3\"><a class=\"fancy-gallery\" href=\"https:\/\/www.dibas.de\/foto\/wp-content\/uploads\/2017\/02\/03_04_x-1.jpg\" title=\"\" ><img decoding=\"async\" src=\"https:\/\/www.dibas.de\/foto\/wp-content\/uploads\/2017\/02\/03_04_x-1.jpg\" alt=\"\"\/><\/a><\/div><\/div><div class=\"element grid  classic3_cols\"><div class=\"one_third gallery3 static filterable gallery_type animated4\"><a class=\"fancy-gallery\" href=\"https:\/\/www.dibas.de\/foto\/wp-content\/uploads\/2017\/02\/03_01_x-1.jpg\" title=\"\" ><img decoding=\"async\" src=\"https:\/\/www.dibas.de\/foto\/wp-content\/uploads\/2017\/02\/03_01_x-1.jpg\" alt=\"\"\/><\/a><\/div><\/div><div class=\"element grid  classic3_cols\"><div class=\"one_third gallery3 static filterable gallery_type animated5\"><a class=\"fancy-gallery\" href=\"https:\/\/www.dibas.de\/foto\/wp-content\/uploads\/2017\/02\/03_06_x-1.jpg\" title=\"\" ><img decoding=\"async\" src=\"https:\/\/www.dibas.de\/foto\/wp-content\/uploads\/2017\/02\/03_06_x-1.jpg\" alt=\"\"\/><\/a><\/div><\/div><div class=\"element grid  classic3_cols\"><div class=\"one_third gallery3 static filterable gallery_type animated6\"><a class=\"fancy-gallery\" href=\"https:\/\/www.dibas.de\/foto\/wp-content\/uploads\/2017\/02\/03_03_x-1.jpg\" title=\"\" ><img decoding=\"async\" src=\"https:\/\/www.dibas.de\/foto\/wp-content\/uploads\/2017\/02\/03_03_x-1.jpg\" alt=\"\"\/><\/a><\/div><\/div><div class=\"element grid  classic3_cols\"><div class=\"one_third gallery3 static filterable gallery_type animated7\"><a class=\"fancy-gallery\" href=\"https:\/\/www.dibas.de\/foto\/wp-content\/uploads\/2017\/02\/03_07_x-1.jpg\" title=\"\" ><img decoding=\"async\" src=\"https:\/\/www.dibas.de\/foto\/wp-content\/uploads\/2017\/02\/03_07_x-1.jpg\" alt=\"\"\/><\/a><\/div><\/div><div class=\"element grid  classic3_cols\"><div class=\"one_third gallery3 static filterable gallery_type animated8\"><a class=\"fancy-gallery\" href=\"https:\/\/www.dibas.de\/foto\/wp-content\/uploads\/2017\/02\/03_08_x-1.jpg\" title=\"\" ><img decoding=\"async\" src=\"https:\/\/www.dibas.de\/foto\/wp-content\/uploads\/2017\/02\/03_08_x-1.jpg\" alt=\"\"\/><\/a><\/div><\/div><div class=\"element grid  classic3_cols\"><div class=\"one_third gallery3 static filterable gallery_type animated9\"><a class=\"fancy-gallery\" href=\"https:\/\/www.dibas.de\/foto\/wp-content\/uploads\/2017\/02\/03_09_x-1.jpg\" title=\"\" ><img decoding=\"async\" src=\"https:\/\/www.dibas.de\/foto\/wp-content\/uploads\/2017\/02\/03_09_x-1.jpg\" alt=\"\"\/><\/a><\/div><\/div><div class=\"element grid  classic3_cols\"><div class=\"one_third gallery3 static filterable gallery_type animated10\"><a class=\"fancy-gallery\" href=\"https:\/\/www.dibas.de\/foto\/wp-content\/uploads\/2017\/02\/04_01_x-1.jpg\" title=\"\" ><img decoding=\"async\" src=\"https:\/\/www.dibas.de\/foto\/wp-content\/uploads\/2017\/02\/04_01_x-1.jpg\" alt=\"\"\/><\/a><\/div><\/div><div class=\"element grid  classic3_cols\"><div class=\"one_third gallery3 static filterable gallery_type animated11\"><a class=\"fancy-gallery\" href=\"https:\/\/www.dibas.de\/foto\/wp-content\/uploads\/2017\/02\/04_03_x-1.jpg\" title=\"\" ><img decoding=\"async\" src=\"https:\/\/www.dibas.de\/foto\/wp-content\/uploads\/2017\/02\/04_03_x-1.jpg\" alt=\"\"\/><\/a><\/div><\/div><div class=\"element grid  classic3_cols\"><div class=\"one_third gallery3 static filterable gallery_type animated12\"><a class=\"fancy-gallery\" href=\"https:\/\/www.dibas.de\/foto\/wp-content\/uploads\/2017\/02\/04_05_x-1.jpg\" title=\"\" ><img decoding=\"async\" src=\"https:\/\/www.dibas.de\/foto\/wp-content\/uploads\/2017\/02\/04_05_x-1.jpg\" alt=\"\"\/><\/a><\/div><\/div><div class=\"element grid  classic3_cols\"><div class=\"one_third gallery3 static filterable gallery_type animated13\"><a class=\"fancy-gallery\" href=\"https:\/\/www.dibas.de\/foto\/wp-content\/uploads\/2017\/02\/04_02_x-1.jpg\" title=\"\" ><img decoding=\"async\" src=\"https:\/\/www.dibas.de\/foto\/wp-content\/uploads\/2017\/02\/04_02_x-1.jpg\" alt=\"\"\/><\/a><\/div><\/div><div class=\"element grid  classic3_cols\"><div class=\"one_third gallery3 static filterable gallery_type animated14\"><a class=\"fancy-gallery\" href=\"https:\/\/www.dibas.de\/foto\/wp-content\/uploads\/2017\/02\/04_06_x-1.jpg\" title=\"\" ><img decoding=\"async\" src=\"https:\/\/www.dibas.de\/foto\/wp-content\/uploads\/2017\/02\/04_06_x-1.jpg\" alt=\"\"\/><\/a><\/div><\/div><div class=\"element grid  classic3_cols\"><div class=\"one_third gallery3 static filterable gallery_type animated15\"><a class=\"fancy-gallery\" href=\"https:\/\/www.dibas.de\/foto\/wp-content\/uploads\/2017\/02\/04_04_x-1.jpg\" title=\"\" ><img decoding=\"async\" src=\"https:\/\/www.dibas.de\/foto\/wp-content\/uploads\/2017\/02\/04_04_x-1.jpg\" alt=\"\"\/><\/a><\/div><\/div><div class=\"element grid  classic3_cols\"><div class=\"one_third gallery3 static filterable gallery_type animated16\"><a class=\"fancy-gallery\" href=\"https:\/\/www.dibas.de\/foto\/wp-content\/uploads\/2017\/02\/04_07_x-1.jpg\" title=\"\" ><img decoding=\"async\" src=\"https:\/\/www.dibas.de\/foto\/wp-content\/uploads\/2017\/02\/04_07_x-1.jpg\" alt=\"\"\/><\/a><\/div><\/div><div class=\"element grid  classic3_cols\"><div class=\"one_third gallery3 static filterable gallery_type animated17\"><a class=\"fancy-gallery\" href=\"https:\/\/www.dibas.de\/foto\/wp-content\/uploads\/2017\/02\/04_08_x-1.jpg\" title=\"\" ><img decoding=\"async\" src=\"https:\/\/www.dibas.de\/foto\/wp-content\/uploads\/2017\/02\/04_08_x-1.jpg\" alt=\"\"\/><\/a><\/div><\/div><div class=\"element grid  classic3_cols\"><div class=\"one_third gallery3 static filterable gallery_type animated18\"><a class=\"fancy-gallery\" href=\"https:\/\/www.dibas.de\/foto\/wp-content\/uploads\/2017\/02\/04_09_x.jpg\" title=\"\" ><img decoding=\"async\" src=\"https:\/\/www.dibas.de\/foto\/wp-content\/uploads\/2017\/02\/04_09_x.jpg\" alt=\"\"\/><\/a><\/div><\/div><\/div><\/div>\n","protected":false},"excerpt":{"rendered":"<p>Ein Brauhaus wird zum Blauhaus, wird zur Kulturbrauerei! Kreative Leute, bekannte und weniger bekannte, haben sich zusammengetan und in ein Rothenburger Dornr\u00f6schenschlo\u00df neues Leben eingehaucht. Die Rede ist vom alten Brauhaus der Stadt, malerisch als beeindruckendes Industriedenkmal am Taubertalhang unmittelbar [&hellip;]<\/p>\n","protected":false},"author":1,"featured_media":0,"parent":179,"menu_order":0,"comment_status":"closed","ping_status":"closed","template":"","meta":{"_monsterinsights_skip_tracking":false,"_monsterinsights_sitenote_active":false,"_monsterinsights_sitenote_note":"","_monsterinsights_sitenote_category":0,"footnotes":""},"class_list":["post-576","page","type-page","status-publish","hentry"],"_links":{"self":[{"href":"https:\/\/www.dibas.de\/foto\/wp-json\/wp\/v2\/pages\/576","targetHints":{"allow":["GET"]}}],"collection":[{"href":"https:\/\/www.dibas.de\/foto\/wp-json\/wp\/v2\/pages"}],"about":[{"href":"https:\/\/www.dibas.de\/foto\/wp-json\/wp\/v2\/types\/page"}],"author":[{"embeddable":true,"href":"https:\/\/www.dibas.de\/foto\/wp-json\/wp\/v2\/users\/1"}],"replies":[{"embeddable":true,"href":"https:\/\/www.dibas.de\/foto\/wp-json\/wp\/v2\/comments?post=576"}],"version-history":[{"count":21,"href":"https:\/\/www.dibas.de\/foto\/wp-json\/wp\/v2\/pages\/576\/revisions"}],"predecessor-version":[{"id":890,"href":"https:\/\/www.dibas.de\/foto\/wp-json\/wp\/v2\/pages\/576\/revisions\/890"}],"up":[{"embeddable":true,"href":"https:\/\/www.dibas.de\/foto\/wp-json\/wp\/v2\/pages\/179"}],"wp:attachment":[{"href":"https:\/\/www.dibas.de\/foto\/wp-json\/wp\/v2\/media?parent=576"}],"curies":[{"name":"wp","href":"https:\/\/api.w.org\/{rel}","templated":true}]}}